{"id":76,"date":"2024-03-28T00:14:08","date_gmt":"2024-03-28T00:14:08","guid":{"rendered":"https:\/\/escolatiquinho.com.br\/?page_id=76"},"modified":"2024-10-21T22:01:06","modified_gmt":"2024-10-21T22:01:06","slug":"contato","status":"publish","type":"page","link":"https:\/\/escolatiquinho.com.br\/?page_id=76","title":{"rendered":"Contato"},"content":{"rendered":"\t\t<div data-elementor-type=\"wp-page\" data-elementor-id=\"76\" class=\"elementor elementor-76\" data-elementor-post-type=\"page\">\n\t\t\t\t<div class=\"elementor-element elementor-element-0ba9fe0 e-flex e-con-boxed e-con e-parent\" data-id=\"0ba9fe0\" data-element_type=\"container\" data-e-type=\"container\" data-settings=\"{&quot;background_background&quot;:&quot;classic&quot;}\">\n\t\t\t\t\t<div class=\"e-con-inner\">\n\t\t<div class=\"elementor-element elementor-element-25564d2 e-grid e-con-boxed e-con e-child\" data-id=\"25564d2\" data-element_type=\"container\" data-e-type=\"container\">\n\t\t\t\t\t<div class=\"e-con-inner\">\n\t\t\t\t<div class=\"elementor-element elementor-element-ed619ea elementor-widget elementor-widget-heading\" data-id=\"ed619ea\" data-element_type=\"widget\" data-e-type=\"widget\" data-widget_type=\"heading.default\">\n\t\t\t\t<div class=\"elementor-widget-container\">\n\t\t\t\t\t<h2 class=\"elementor-heading-title elementor-size-default\">Descubra como podemos contribuir para a educa\u00e7\u00e3o do seu filho<\/h2>\t\t\t\t<\/div>\n\t\t\t\t<\/div>\n\t\t\t\t\t<\/div>\n\t\t\t\t<\/div>\n\t\t\t\t\t<\/div>\n\t\t\t\t<\/div>\n\t\t<div class=\"elementor-element elementor-element-67a6e2f e-flex e-con-boxed e-con e-parent\" data-id=\"67a6e2f\" data-element_type=\"container\" data-e-type=\"container\">\n\t\t\t\t\t<div class=\"e-con-inner\">\n\t\t<div class=\"elementor-element elementor-element-db24156 e-con-full e-flex e-con e-child\" data-id=\"db24156\" data-element_type=\"container\" data-e-type=\"container\">\n\t\t\t\t<div class=\"elementor-element elementor-element-6beadc3 elementor-widget elementor-widget-image\" data-id=\"6beadc3\" data-element_type=\"widget\" data-e-type=\"widget\" data-widget_type=\"image.default\">\n\t\t\t\t<div class=\"elementor-widget-container\">\n\t\t\t\t\t\t\t\t\t\t\t\t\t\t\t<img fetchpriority=\"high\" decoding=\"async\" width=\"1080\" height=\"1080\" src=\"https:\/\/escolatiquinho.com.br\/wp-content\/uploads\/2024\/04\/CONTATO.png\" class=\"attachment-full size-full wp-image-173\" alt=\"\" srcset=\"https:\/\/escolatiquinho.com.br\/wp-content\/uploads\/2024\/04\/CONTATO.png 1080w, https:\/\/escolatiquinho.com.br\/wp-content\/uploads\/2024\/04\/CONTATO-300x300.png 300w, https:\/\/escolatiquinho.com.br\/wp-content\/uploads\/2024\/04\/CONTATO-1024x1024.png 1024w, https:\/\/escolatiquinho.com.br\/wp-content\/uploads\/2024\/04\/CONTATO-150x150.png 150w, https:\/\/escolatiquinho.com.br\/wp-content\/uploads\/2024\/04\/CONTATO-768x768.png 768w\" sizes=\"(max-width: 1080px) 100vw, 1080px\" \/>\t\t\t\t\t\t\t\t\t\t\t\t\t\t\t<\/div>\n\t\t\t\t<\/div>\n\t\t\t\t<div class=\"elementor-element elementor-element-d8a9f70 elementor-widget elementor-widget-heading\" data-id=\"d8a9f70\" data-element_type=\"widget\" data-e-type=\"widget\" data-widget_type=\"heading.default\">\n\t\t\t\t<div class=\"elementor-widget-container\">\n\t\t\t\t\t<h2 class=\"elementor-heading-title elementor-size-default\">Preencha o formul\u00e1rio para entrar em contato conosco<\/h2>\t\t\t\t<\/div>\n\t\t\t\t<\/div>\n\t\t\t\t<div class=\"elementor-element elementor-element-4498e3e elementor-widget-mobile__width-initial elementor-widget elementor-widget-text-editor\" data-id=\"4498e3e\" data-element_type=\"widget\" data-e-type=\"widget\" data-widget_type=\"text-editor.default\">\n\t\t\t\t<div class=\"elementor-widget-container\">\n\t\t\t\t\t\t\t\t\t<p>Saiba mais sobre nossa escola, nossos programas educacionais e como podemos ajudar no desenvolvimento do seu filho.<\/p><p>Estamos aqui para responder suas perguntas, agendar visitas e facilitar o processo de matr\u00edcula.<\/p><p><b>Juntos, vamos construir um futuro brilhante para a sua crian\u00e7a!<\/b><\/p>\t\t\t\t\t\t\t\t<\/div>\n\t\t\t\t<\/div>\n\t\t\t\t<\/div>\n\t\t<div class=\"elementor-element elementor-element-4a39ad8 e-con-full e-flex e-con e-child\" data-id=\"4a39ad8\" data-element_type=\"container\" data-e-type=\"container\">\n\t\t\t\t<div class=\"elementor-element elementor-element-20c6131 eael-wpforms-labels-yes eael-wpforms-form-button-custom elementor-widget elementor-widget-eael-wpforms\" data-id=\"20c6131\" data-element_type=\"widget\" data-e-type=\"widget\" data-widget_type=\"eael-wpforms.default\">\n\t\t\t\t<div class=\"elementor-widget-container\">\n\t\t\t\t\t            <div class=\"eael-contact-form eael-wpforms title-description-hide eael-wpforms-align-default\">\n                                    <div class=\"eael-wpforms-heading\">\n                                                                    <\/div>\n                                <div class=\"wpforms-container wpforms-container-full wpforms-render-modern\" id=\"wpforms-148\"><form id=\"wpforms-form-148\" class=\"wpforms-validate wpforms-form wpforms-ajax-form\" data-formid=\"148\" method=\"post\" enctype=\"multipart\/form-data\" action=\"\/index.php?rest_route=%2Fwp%2Fv2%2Fpages%2F76\" data-token=\"de4c66d47d1bca4715d3745d5a772acd\" data-token-time=\"1776415558\"><noscript class=\"wpforms-error-noscript\">Ative o JavaScript no seu navegador para preencher este formul\u00e1rio.<\/noscript><div id=\"wpforms-error-noscript\" style=\"display: none;\">Ative o JavaScript no seu navegador para preencher este formul\u00e1rio.<\/div><div class=\"wpforms-field-container\"><div id=\"wpforms-148-field_0-container\" class=\"wpforms-field wpforms-field-name\" data-field-id=\"0\"><label class=\"wpforms-field-label\" for=\"wpforms-148-field_0\">Nome <span class=\"wpforms-required-label\" aria-hidden=\"true\">*<\/span><\/label><input type=\"text\" id=\"wpforms-148-field_0\" class=\"wpforms-field-medium wpforms-field-required\" name=\"wpforms[fields][0]\" aria-errormessage=\"wpforms-148-field_0-error\" required><\/div><div id=\"wpforms-148-field_1-container\" class=\"wpforms-field wpforms-field-email\" data-field-id=\"1\"><label class=\"wpforms-field-label\" for=\"wpforms-148-field_1\">E-mail <span class=\"wpforms-required-label\" aria-hidden=\"true\">*<\/span><\/label><input type=\"email\" id=\"wpforms-148-field_1\" class=\"wpforms-field-medium wpforms-field-required\" name=\"wpforms[fields][1]\" spellcheck=\"false\" aria-errormessage=\"wpforms-148-field_1-error\" required><\/div><div id=\"wpforms-148-field_3-container\" class=\"wpforms-field wpforms-field-number\" data-field-id=\"3\"><label class=\"wpforms-field-label\" for=\"wpforms-148-field_3\">Telefone <span class=\"wpforms-required-label\" aria-hidden=\"true\">*<\/span><\/label><input type=\"number\" id=\"wpforms-148-field_3\" class=\"wpforms-field-medium wpforms-field-required\" name=\"wpforms[fields][3]\" step=\"any\" aria-errormessage=\"wpforms-148-field_3-error\" required><\/div><div id=\"wpforms-148-field_4-container\" class=\"wpforms-field wpforms-field-name\" data-field-id=\"4\"><label class=\"wpforms-field-label\" for=\"wpforms-148-field_4\">Nome do aluno \/ aluna <span class=\"wpforms-required-label\" aria-hidden=\"true\">*<\/span><\/label><input type=\"text\" id=\"wpforms-148-field_4\" class=\"wpforms-field-medium wpforms-field-required\" name=\"wpforms[fields][4]\" aria-errormessage=\"wpforms-148-field_4-error\" required><\/div><div id=\"wpforms-148-field_8-container\" class=\"wpforms-field wpforms-field-select wpforms-field-select-style-classic\" data-field-id=\"8\"><label class=\"wpforms-field-label\" for=\"wpforms-148-field_8\">Ensino de interesse<\/label><select id=\"wpforms-148-field_8\" class=\"wpforms-field-medium\" name=\"wpforms[fields][8]\"><option value=\"Infantil\"  class=\"choice-1 depth-1\"  >Infantil<\/option><option value=\"Fundamental\"  class=\"choice-2 depth-1\"  >Fundamental<\/option><option value=\"Integral\"  class=\"choice-3 depth-1\"  >Integral<\/option><\/select><\/div><div id=\"wpforms-148-field_9-container\" class=\"wpforms-field wpforms-field-text\" data-field-id=\"9\"><label class=\"wpforms-field-label\" for=\"wpforms-148-field_9\">Conte-nos mais!<\/label><input type=\"text\" id=\"wpforms-148-field_9\" class=\"wpforms-field-medium\" name=\"wpforms[fields][9]\" aria-errormessage=\"wpforms-148-field_9-error\" ><\/div><\/div><!-- .wpforms-field-container --><div class=\"wpforms-submit-container\" ><input type=\"hidden\" name=\"wpforms[id]\" value=\"148\"><input type=\"hidden\" name=\"page_title\" value=\"\"><input type=\"hidden\" name=\"page_url\" value=\"https:\/\/escolatiquinho.com.br\/index.php?rest_route=\/wp\/v2\/pages\/76\"><input type=\"hidden\" name=\"url_referer\" value=\"\"><button type=\"submit\" name=\"wpforms[submit]\" id=\"wpforms-submit-148\" class=\"wpforms-submit\" data-alt-text=\"Enviando\u2026\" data-submit-text=\"ENVIAR\" aria-live=\"assertive\" value=\"wpforms-submit\">ENVIAR<\/button><img decoding=\"async\" src=\"https:\/\/escolatiquinho.com.br\/wp-content\/plugins\/wpforms-lite\/assets\/images\/submit-spin.svg\" class=\"wpforms-submit-spinner\" style=\"display: none;\" width=\"26\" height=\"26\" alt=\"Carregando\"><\/div><\/form><\/div>  <!-- .wpforms-container -->            <\/div>\n\t\t\t\t<\/div>\n\t\t\t\t<\/div>\n\t\t\t\t<\/div>\n\t\t\t\t\t<\/div>\n\t\t\t\t<\/div>\n\t\t<div class=\"elementor-element elementor-element-1fd2be4 e-grid e-con-boxed e-con e-parent\" data-id=\"1fd2be4\" data-element_type=\"container\" data-e-type=\"container\" data-settings=\"{&quot;background_background&quot;:&quot;classic&quot;}\">\n\t\t\t\t\t<div class=\"e-con-inner\">\n\t\t\t\t<div class=\"elementor-element elementor-element-5e39df8 elementor-view-default elementor-position-block-start elementor-mobile-position-block-start elementor-widget elementor-widget-icon-box\" data-id=\"5e39df8\" data-element_type=\"widget\" data-e-type=\"widget\" data-widget_type=\"icon-box.default\">\n\t\t\t\t<div class=\"elementor-widget-container\">\n\t\t\t\t\t\t\t<div class=\"elementor-icon-box-wrapper\">\n\n\t\t\t\t\t\t<div class=\"elementor-icon-box-icon\">\n\t\t\t\t<span  class=\"elementor-icon elementor-animation-grow\">\n\t\t\t\t<svg aria-hidden=\"true\" class=\"e-font-icon-svg e-fas-map-pin\" viewBox=\"0 0 288 512\" xmlns=\"http:\/\/www.w3.org\/2000\/svg\"><path d=\"M112 316.94v156.69l22.02 33.02c4.75 7.12 15.22 7.12 19.97 0L176 473.63V316.94c-10.39 1.92-21.06 3.06-32 3.06s-21.61-1.14-32-3.06zM144 0C64.47 0 0 64.47 0 144s64.47 144 144 144 144-64.47 144-144S223.53 0 144 0zm0 76c-37.5 0-68 30.5-68 68 0 6.62-5.38 12-12 12s-12-5.38-12-12c0-50.73 41.28-92 92-92 6.62 0 12 5.38 12 12s-5.38 12-12 12z\"><\/path><\/svg>\t\t\t\t<\/span>\n\t\t\t<\/div>\n\t\t\t\n\t\t\t\t\t\t<div class=\"elementor-icon-box-content\">\n\n\t\t\t\t\t\t\t\t\t<h3 class=\"elementor-icon-box-title\">\n\t\t\t\t\t\t<span  >\n\t\t\t\t\t\t\tEndere\u00e7o\t\t\t\t\t\t<\/span>\n\t\t\t\t\t<\/h3>\n\t\t\t\t\n\t\t\t\t\t\t\t\t\t<p class=\"elementor-icon-box-description\">\n\t\t\t\t\t\tR. Chanceler Oswaldo Aranha, 348 - S\u00e3o Mateus, Juiz de Fora - MG, 36016-340\t\t\t\t\t<\/p>\n\t\t\t\t\n\t\t\t<\/div>\n\t\t\t\n\t\t<\/div>\n\t\t\t\t\t\t<\/div>\n\t\t\t\t<\/div>\n\t\t\t\t<div class=\"elementor-element elementor-element-34874a0 elementor-view-default elementor-position-block-start elementor-mobile-position-block-start elementor-widget elementor-widget-icon-box\" data-id=\"34874a0\" data-element_type=\"widget\" data-e-type=\"widget\" data-widget_type=\"icon-box.default\">\n\t\t\t\t<div class=\"elementor-widget-container\">\n\t\t\t\t\t\t\t<div class=\"elementor-icon-box-wrapper\">\n\n\t\t\t\t\t\t<div class=\"elementor-icon-box-icon\">\n\t\t\t\t<span  class=\"elementor-icon elementor-animation-grow\">\n\t\t\t\t<svg aria-hidden=\"true\" class=\"e-font-icon-svg e-fas-phone-alt\" viewBox=\"0 0 512 512\" xmlns=\"http:\/\/www.w3.org\/2000\/svg\"><path d=\"M497.39 361.8l-112-48a24 24 0 0 0-28 6.9l-49.6 60.6A370.66 370.66 0 0 1 130.6 204.11l60.6-49.6a23.94 23.94 0 0 0 6.9-28l-48-112A24.16 24.16 0 0 0 122.6.61l-104 24A24 24 0 0 0 0 48c0 256.5 207.9 464 464 464a24 24 0 0 0 23.4-18.6l24-104a24.29 24.29 0 0 0-14.01-27.6z\"><\/path><\/svg>\t\t\t\t<\/span>\n\t\t\t<\/div>\n\t\t\t\n\t\t\t\t\t\t<div class=\"elementor-icon-box-content\">\n\n\t\t\t\t\t\t\t\t\t<h3 class=\"elementor-icon-box-title\">\n\t\t\t\t\t\t<span  >\n\t\t\t\t\t\t\tContato\t\t\t\t\t\t<\/span>\n\t\t\t\t\t<\/h3>\n\t\t\t\t\n\t\t\t\t\t\t\t\t\t<p class=\"elementor-icon-box-description\">\n\t\t\t\t\t\tsecretaria@escolatiquinho.com.br<Br> (32) 3215-8535 | (32) 98821-4612\t\t\t\t\t<\/p>\n\t\t\t\t\n\t\t\t<\/div>\n\t\t\t\n\t\t<\/div>\n\t\t\t\t\t\t<\/div>\n\t\t\t\t<\/div>\n\t\t\t\t<div class=\"elementor-element elementor-element-698269c elementor-view-default elementor-position-block-start elementor-mobile-position-block-start elementor-widget elementor-widget-icon-box\" data-id=\"698269c\" data-element_type=\"widget\" data-e-type=\"widget\" data-widget_type=\"icon-box.default\">\n\t\t\t\t<div class=\"elementor-widget-container\">\n\t\t\t\t\t\t\t<div class=\"elementor-icon-box-wrapper\">\n\n\t\t\t\t\t\t<div class=\"elementor-icon-box-icon\">\n\t\t\t\t<span  class=\"elementor-icon elementor-animation-grow\">\n\t\t\t\t<svg aria-hidden=\"true\" class=\"e-font-icon-svg e-fas-clock\" viewBox=\"0 0 512 512\" xmlns=\"http:\/\/www.w3.org\/2000\/svg\"><path d=\"M256,8C119,8,8,119,8,256S119,504,256,504,504,393,504,256,393,8,256,8Zm92.49,313h0l-20,25a16,16,0,0,1-22.49,2.5h0l-67-49.72a40,40,0,0,1-15-31.23V112a16,16,0,0,1,16-16h32a16,16,0,0,1,16,16V256l58,42.5A16,16,0,0,1,348.49,321Z\"><\/path><\/svg>\t\t\t\t<\/span>\n\t\t\t<\/div>\n\t\t\t\n\t\t\t\t\t\t<div class=\"elementor-icon-box-content\">\n\n\t\t\t\t\t\t\t\t\t<h3 class=\"elementor-icon-box-title\">\n\t\t\t\t\t\t<span  >\n\t\t\t\t\t\t\tHor\u00e1rio de funcionamento\t\t\t\t\t\t<\/span>\n\t\t\t\t\t<\/h3>\n\t\t\t\t\n\t\t\t\t\t\t\t\t\t<p class=\"elementor-icon-box-description\">\n\t\t\t\t\t\tSeg-sexta 07:00 \u201319:00\t\t\t\t\t<\/p>\n\t\t\t\t\n\t\t\t<\/div>\n\t\t\t\n\t\t<\/div>\n\t\t\t\t\t\t<\/div>\n\t\t\t\t<\/div>\n\t\t\t\t\t<\/div>\n\t\t\t\t<\/div>\n\t\t<div class=\"elementor-element elementor-element-731e067 e-con-full e-flex e-con e-parent\" data-id=\"731e067\" data-element_type=\"container\" data-e-type=\"container\">\n\t\t\t\t<div class=\"elementor-element elementor-element-ffcc96b elementor-widget elementor-widget-google_maps\" data-id=\"ffcc96b\" data-element_type=\"widget\" data-e-type=\"widget\" data-widget_type=\"google_maps.default\">\n\t\t\t\t<div class=\"elementor-widget-container\">\n\t\t\t\t\t\t\t<div class=\"elementor-custom-embed\">\n\t\t\t<iframe loading=\"lazy\"\n\t\t\t\t\tsrc=\"https:\/\/maps.google.com\/maps?q=R.%20Chanceler%20Oswaldo%20Aranha%2C%20348%20-%20S%C3%A3o%20Mateus%2C%20Juiz%20de%20Fora%20-%20MG%2C%2036016-340&#038;t=m&#038;z=15&#038;output=embed&#038;iwloc=near\"\n\t\t\t\t\ttitle=\"R. Chanceler Oswaldo Aranha, 348 - S\u00e3o Mateus, Juiz de Fora - MG, 36016-340\"\n\t\t\t\t\taria-label=\"R. Chanceler Oswaldo Aranha, 348 - S\u00e3o Mateus, Juiz de Fora - MG, 36016-340\"\n\t\t\t><\/iframe>\n\t\t<\/div>\n\t\t\t\t\t\t<\/div>\n\t\t\t\t<\/div>\n\t\t\t\t<\/div>\n\t\t\t\t<\/div>\n\t\t","protected":false},"excerpt":{"rendered":"<p>Descubra como podemos contribuir para a educa\u00e7\u00e3o do seu filho Preencha o formul\u00e1rio para entrar em contato conosco Saiba mais sobre nossa escola, nossos programas educacionais e como podemos ajudar no desenvolvimento do seu filho. Estamos aqui para responder suas perguntas, agendar visitas e facilitar o processo de matr\u00edcula. Juntos, vamos construir um futuro brilhante [&hellip;]<\/p>\n","protected":false},"author":2,"featured_media":0,"parent":0,"menu_order":0,"comment_status":"closed","ping_status":"closed","template":"","meta":{"footnotes":""},"class_list":["post-76","page","type-page","status-publish","hentry"],"yoast_head":"<!-- This site is optimized with the Yoast SEO plugin v27.4 - https:\/\/yoast.com\/product\/yoast-seo-wordpress\/ -->\n<title>Contato - Escola Tiquinho<\/title>\n<meta name=\"description\" content=\"Saiba mais sobre nossa escola, nossos programas educacionais e como podemos ajudar no desenvolvimento do seu filho. Entre em contato!\" \/>\n<meta name=\"robots\" content=\"index, follow, max-snippet:-1, max-image-preview:large, max-video-preview:-1\" \/>\n<link rel=\"canonical\" href=\"https:\/\/escolatiquinho.com.br\/?page_id=76\" \/>\n<meta property=\"og:locale\" content=\"pt_BR\" \/>\n<meta property=\"og:type\" content=\"article\" \/>\n<meta property=\"og:title\" content=\"Contato - Escola Tiquinho\" \/>\n<meta property=\"og:description\" content=\"Saiba mais sobre nossa escola, nossos programas educacionais e como podemos ajudar no desenvolvimento do seu filho. Entre em contato!\" \/>\n<meta property=\"og:url\" content=\"https:\/\/escolatiquinho.com.br\/?page_id=76\" \/>\n<meta property=\"og:site_name\" content=\"Escola Tiquinho\" \/>\n<meta property=\"article:modified_time\" content=\"2024-10-21T22:01:06+00:00\" \/>\n<meta property=\"og:image\" content=\"https:\/\/escolatiquinho.com.br\/wp-content\/uploads\/2024\/04\/CONTATO.png\" \/>\n<meta name=\"twitter:card\" content=\"summary_large_image\" \/>\n<meta name=\"twitter:label1\" content=\"Est. tempo de leitura\" \/>\n\t<meta name=\"twitter:data1\" content=\"1 minuto\" \/>\n<script type=\"application\/ld+json\" class=\"yoast-schema-graph\">{\"@context\":\"https:\\\/\\\/schema.org\",\"@graph\":[{\"@type\":\"WebPage\",\"@id\":\"https:\\\/\\\/escolatiquinho.com.br\\\/?page_id=76\",\"url\":\"https:\\\/\\\/escolatiquinho.com.br\\\/?page_id=76\",\"name\":\"Contato - Escola Tiquinho\",\"isPartOf\":{\"@id\":\"https:\\\/\\\/escolatiquinho.com.br\\\/#website\"},\"primaryImageOfPage\":{\"@id\":\"https:\\\/\\\/escolatiquinho.com.br\\\/?page_id=76#primaryimage\"},\"image\":{\"@id\":\"https:\\\/\\\/escolatiquinho.com.br\\\/?page_id=76#primaryimage\"},\"thumbnailUrl\":\"https:\\\/\\\/escolatiquinho.com.br\\\/wp-content\\\/uploads\\\/2024\\\/04\\\/CONTATO.png\",\"datePublished\":\"2024-03-28T00:14:08+00:00\",\"dateModified\":\"2024-10-21T22:01:06+00:00\",\"description\":\"Saiba mais sobre nossa escola, nossos programas educacionais e como podemos ajudar no desenvolvimento do seu filho. Entre em contato!\",\"breadcrumb\":{\"@id\":\"https:\\\/\\\/escolatiquinho.com.br\\\/?page_id=76#breadcrumb\"},\"inLanguage\":\"pt-BR\",\"potentialAction\":[{\"@type\":\"ReadAction\",\"target\":[\"https:\\\/\\\/escolatiquinho.com.br\\\/?page_id=76\"]}]},{\"@type\":\"ImageObject\",\"inLanguage\":\"pt-BR\",\"@id\":\"https:\\\/\\\/escolatiquinho.com.br\\\/?page_id=76#primaryimage\",\"url\":\"https:\\\/\\\/escolatiquinho.com.br\\\/wp-content\\\/uploads\\\/2024\\\/04\\\/CONTATO.png\",\"contentUrl\":\"https:\\\/\\\/escolatiquinho.com.br\\\/wp-content\\\/uploads\\\/2024\\\/04\\\/CONTATO.png\",\"width\":1080,\"height\":1080},{\"@type\":\"BreadcrumbList\",\"@id\":\"https:\\\/\\\/escolatiquinho.com.br\\\/?page_id=76#breadcrumb\",\"itemListElement\":[{\"@type\":\"ListItem\",\"position\":1,\"name\":\"In\u00edcio\",\"item\":\"https:\\\/\\\/escolatiquinho.com.br\\\/\"},{\"@type\":\"ListItem\",\"position\":2,\"name\":\"Contato\"}]},{\"@type\":\"WebSite\",\"@id\":\"https:\\\/\\\/escolatiquinho.com.br\\\/#website\",\"url\":\"https:\\\/\\\/escolatiquinho.com.br\\\/\",\"name\":\"Escola Tiquinho\",\"description\":\"Escola Maternal e Infantil\",\"publisher\":{\"@id\":\"https:\\\/\\\/escolatiquinho.com.br\\\/#organization\"},\"potentialAction\":[{\"@type\":\"SearchAction\",\"target\":{\"@type\":\"EntryPoint\",\"urlTemplate\":\"https:\\\/\\\/escolatiquinho.com.br\\\/?s={search_term_string}\"},\"query-input\":{\"@type\":\"PropertyValueSpecification\",\"valueRequired\":true,\"valueName\":\"search_term_string\"}}],\"inLanguage\":\"pt-BR\"},{\"@type\":\"Organization\",\"@id\":\"https:\\\/\\\/escolatiquinho.com.br\\\/#organization\",\"name\":\"Escola Tiquinho\",\"url\":\"https:\\\/\\\/escolatiquinho.com.br\\\/\",\"logo\":{\"@type\":\"ImageObject\",\"inLanguage\":\"pt-BR\",\"@id\":\"https:\\\/\\\/escolatiquinho.com.br\\\/#\\\/schema\\\/logo\\\/image\\\/\",\"url\":\"https:\\\/\\\/escolatiquinho.com.br\\\/wp-content\\\/uploads\\\/2024\\\/03\\\/IMG_9090.jpg\",\"contentUrl\":\"https:\\\/\\\/escolatiquinho.com.br\\\/wp-content\\\/uploads\\\/2024\\\/03\\\/IMG_9090.jpg\",\"width\":776,\"height\":714,\"caption\":\"Escola Tiquinho\"},\"image\":{\"@id\":\"https:\\\/\\\/escolatiquinho.com.br\\\/#\\\/schema\\\/logo\\\/image\\\/\"}}]}<\/script>\n<!-- \/ Yoast SEO plugin. -->","yoast_head_json":{"title":"Contato - Escola Tiquinho","description":"Saiba mais sobre nossa escola, nossos programas educacionais e como podemos ajudar no desenvolvimento do seu filho. Entre em contato!","robots":{"index":"index","follow":"follow","max-snippet":"max-snippet:-1","max-image-preview":"max-image-preview:large","max-video-preview":"max-video-preview:-1"},"canonical":"https:\/\/escolatiquinho.com.br\/?page_id=76","og_locale":"pt_BR","og_type":"article","og_title":"Contato - Escola Tiquinho","og_description":"Saiba mais sobre nossa escola, nossos programas educacionais e como podemos ajudar no desenvolvimento do seu filho. Entre em contato!","og_url":"https:\/\/escolatiquinho.com.br\/?page_id=76","og_site_name":"Escola Tiquinho","article_modified_time":"2024-10-21T22:01:06+00:00","og_image":[{"url":"https:\/\/escolatiquinho.com.br\/wp-content\/uploads\/2024\/04\/CONTATO.png","type":"","width":"","height":""}],"twitter_card":"summary_large_image","twitter_misc":{"Est. tempo de leitura":"1 minuto"},"schema":{"@context":"https:\/\/schema.org","@graph":[{"@type":"WebPage","@id":"https:\/\/escolatiquinho.com.br\/?page_id=76","url":"https:\/\/escolatiquinho.com.br\/?page_id=76","name":"Contato - Escola Tiquinho","isPartOf":{"@id":"https:\/\/escolatiquinho.com.br\/#website"},"primaryImageOfPage":{"@id":"https:\/\/escolatiquinho.com.br\/?page_id=76#primaryimage"},"image":{"@id":"https:\/\/escolatiquinho.com.br\/?page_id=76#primaryimage"},"thumbnailUrl":"https:\/\/escolatiquinho.com.br\/wp-content\/uploads\/2024\/04\/CONTATO.png","datePublished":"2024-03-28T00:14:08+00:00","dateModified":"2024-10-21T22:01:06+00:00","description":"Saiba mais sobre nossa escola, nossos programas educacionais e como podemos ajudar no desenvolvimento do seu filho. Entre em contato!","breadcrumb":{"@id":"https:\/\/escolatiquinho.com.br\/?page_id=76#breadcrumb"},"inLanguage":"pt-BR","potentialAction":[{"@type":"ReadAction","target":["https:\/\/escolatiquinho.com.br\/?page_id=76"]}]},{"@type":"ImageObject","inLanguage":"pt-BR","@id":"https:\/\/escolatiquinho.com.br\/?page_id=76#primaryimage","url":"https:\/\/escolatiquinho.com.br\/wp-content\/uploads\/2024\/04\/CONTATO.png","contentUrl":"https:\/\/escolatiquinho.com.br\/wp-content\/uploads\/2024\/04\/CONTATO.png","width":1080,"height":1080},{"@type":"BreadcrumbList","@id":"https:\/\/escolatiquinho.com.br\/?page_id=76#breadcrumb","itemListElement":[{"@type":"ListItem","position":1,"name":"In\u00edcio","item":"https:\/\/escolatiquinho.com.br\/"},{"@type":"ListItem","position":2,"name":"Contato"}]},{"@type":"WebSite","@id":"https:\/\/escolatiquinho.com.br\/#website","url":"https:\/\/escolatiquinho.com.br\/","name":"Escola Tiquinho","description":"Escola Maternal e Infantil","publisher":{"@id":"https:\/\/escolatiquinho.com.br\/#organization"},"potentialAction":[{"@type":"SearchAction","target":{"@type":"EntryPoint","urlTemplate":"https:\/\/escolatiquinho.com.br\/?s={search_term_string}"},"query-input":{"@type":"PropertyValueSpecification","valueRequired":true,"valueName":"search_term_string"}}],"inLanguage":"pt-BR"},{"@type":"Organization","@id":"https:\/\/escolatiquinho.com.br\/#organization","name":"Escola Tiquinho","url":"https:\/\/escolatiquinho.com.br\/","logo":{"@type":"ImageObject","inLanguage":"pt-BR","@id":"https:\/\/escolatiquinho.com.br\/#\/schema\/logo\/image\/","url":"https:\/\/escolatiquinho.com.br\/wp-content\/uploads\/2024\/03\/IMG_9090.jpg","contentUrl":"https:\/\/escolatiquinho.com.br\/wp-content\/uploads\/2024\/03\/IMG_9090.jpg","width":776,"height":714,"caption":"Escola Tiquinho"},"image":{"@id":"https:\/\/escolatiquinho.com.br\/#\/schema\/logo\/image\/"}}]}},"_links":{"self":[{"href":"https:\/\/escolatiquinho.com.br\/index.php?rest_route=\/wp\/v2\/pages\/76","targetHints":{"allow":["GET"]}}],"collection":[{"href":"https:\/\/escolatiquinho.com.br\/index.php?rest_route=\/wp\/v2\/pages"}],"about":[{"href":"https:\/\/escolatiquinho.com.br\/index.php?rest_route=\/wp\/v2\/types\/page"}],"author":[{"embeddable":true,"href":"https:\/\/escolatiquinho.com.br\/index.php?rest_route=\/wp\/v2\/users\/2"}],"replies":[{"embeddable":true,"href":"https:\/\/escolatiquinho.com.br\/index.php?rest_route=%2Fwp%2Fv2%2Fcomments&post=76"}],"version-history":[{"count":68,"href":"https:\/\/escolatiquinho.com.br\/index.php?rest_route=\/wp\/v2\/pages\/76\/revisions"}],"predecessor-version":[{"id":833,"href":"https:\/\/escolatiquinho.com.br\/index.php?rest_route=\/wp\/v2\/pages\/76\/revisions\/833"}],"wp:attachment":[{"href":"https:\/\/escolatiquinho.com.br\/index.php?rest_route=%2Fwp%2Fv2%2Fmedia&parent=76"}],"curies":[{"name":"wp","href":"https:\/\/api.w.org\/{rel}","templated":true}]}}