{"id":74,"date":"2024-03-28T00:15:46","date_gmt":"2024-03-28T00:15:46","guid":{"rendered":"https:\/\/escolatiquinho.com.br\/?page_id=74"},"modified":"2024-10-21T22:04:10","modified_gmt":"2024-10-21T22:04:10","slug":"noticias","status":"publish","type":"page","link":"https:\/\/escolatiquinho.com.br\/?page_id=74","title":{"rendered":"Not\u00edcias"},"content":{"rendered":"\t\t<div data-elementor-type=\"wp-page\" data-elementor-id=\"74\" class=\"elementor elementor-74\" data-elementor-post-type=\"page\">\n\t\t\t\t<div class=\"elementor-element elementor-element-51078da0 e-flex e-con-boxed e-con e-parent\" data-id=\"51078da0\" data-element_type=\"container\" data-e-type=\"container\" data-settings=\"{&quot;background_background&quot;:&quot;classic&quot;}\">\n\t\t\t\t\t<div class=\"e-con-inner\">\n\t\t\t\t<div class=\"elementor-element elementor-element-3bf6b20c elementor-widget elementor-widget-heading\" data-id=\"3bf6b20c\" data-element_type=\"widget\" data-e-type=\"widget\" data-widget_type=\"heading.default\">\n\t\t\t\t<div class=\"elementor-widget-container\">\n\t\t\t\t\t<h2 class=\"elementor-heading-title elementor-size-default\">Not\u00edcias<\/h2>\t\t\t\t<\/div>\n\t\t\t\t<\/div>\n\t\t\t\t<div class=\"elementor-element elementor-element-14abcba3 elementor-widget elementor-widget-text-editor\" data-id=\"14abcba3\" data-element_type=\"widget\" data-e-type=\"widget\" data-widget_type=\"text-editor.default\">\n\t\t\t\t<div class=\"elementor-widget-container\">\n\t\t\t\t\t\t\t\t\t<p><strong>Fique por dentro dos eventos&nbsp;<\/strong><strong style=\"color: var( --e-global-color-5c0e457 ); text-align: var(--text-align);\">e novidades da Escola Tiquinho<\/strong><\/p>\t\t\t\t\t\t\t\t<\/div>\n\t\t\t\t<\/div>\n\t\t\t\t\t<\/div>\n\t\t\t\t<\/div>\n\t\t<div class=\"elementor-element elementor-element-f845874 e-flex e-con-boxed e-con e-parent\" data-id=\"f845874\" data-element_type=\"container\" data-e-type=\"container\">\n\t\t\t\t\t<div class=\"e-con-inner\">\n\t\t\t\t<div class=\"elementor-element elementor-element-a7cdf56 elementor-hidden-tablet elementor-hidden-mobile eael_simple_menu_hamburger_disable_selected_menu_no eael-simple-menu-hamburger-align-right eael-hamburger--tablet elementor-widget elementor-widget-eael-simple-menu\" data-id=\"a7cdf56\" data-element_type=\"widget\" data-e-type=\"widget\" data-widget_type=\"eael-simple-menu.default\">\n\t\t\t\t<div class=\"elementor-widget-container\">\n\t\t\t\t\t<style>\n                        @media screen and (max-width: 1024px) {\n                            .eael-hamburger--tablet {\n                                .eael-simple-menu-horizontal,\n                                .eael-simple-menu-vertical {\n                                    display: none;\n                                }\n                            }\n                            .eael-hamburger--tablet {\n                                .eael-simple-menu-container .eael-simple-menu-toggle {\n                                    display: block;\n                                }\n                            }\n                        }\n                        .eael-simple-menu-container.eael-simple-menu--loading > ul {\n                            display: -webkit-box !important;\n                            display: -ms-flexbox !important;\n                            display: flex !important;\n                            list-style: none !important;\n                        }\n                        .eael-simple-menu-container.eael-simple-menu--loading li ul {\n                            visibility: hidden !important;\n                            opacity: 0 !important;\n                        }\n                    <\/style>            <div data-hamburger-icon=\"&lt;svg aria-hidden=&quot;true&quot; class=&quot;e-font-icon-svg e-fas-bars&quot; viewBox=&quot;0 0 448 512&quot; xmlns=&quot;http:\/\/www.w3.org\/2000\/svg&quot;&gt;&lt;path d=&quot;M16 132h416c8.837 0 16-7.163 16-16V76c0-8.837-7.163-16-16-16H16C7.163 60 0 67.163 0 76v40c0 8.837 7.163 16 16 16zm0 160h416c8.837 0 16-7.163 16-16v-40c0-8.837-7.163-16-16-16H16c-8.837 0-16 7.163-16 16v40c0 8.837 7.163 16 16 16zm0 160h416c8.837 0 16-7.163 16-16v-40c0-8.837-7.163-16-16-16H16c-8.837 0-16 7.163-16 16v40c0 8.837 7.163 16 16 16z&quot;&gt;&lt;\/path&gt;&lt;\/svg&gt;\" data-indicator-icon=\"&lt;svg aria-hidden=&quot;true&quot; class=&quot;e-font-icon-svg e-fas-angle-down&quot; viewBox=&quot;0 0 320 512&quot; xmlns=&quot;http:\/\/www.w3.org\/2000\/svg&quot;&gt;&lt;path d=&quot;M143 352.3L7 216.3c-9.4-9.4-9.4-24.6 0-33.9l22.6-22.6c9.4-9.4 24.6-9.4 33.9 0l96.4 96.4 96.4-96.4c9.4-9.4 24.6-9.4 33.9 0l22.6 22.6c9.4 9.4 9.4 24.6 0 33.9l-136 136c-9.2 9.4-24.4 9.4-33.8 0z&quot;&gt;&lt;\/path&gt;&lt;\/svg&gt;\" data-dropdown-indicator-icon=\"&lt;svg class=&quot;e-font-icon-svg e-fas-angle-down&quot; viewBox=&quot;0 0 320 512&quot; xmlns=&quot;http:\/\/www.w3.org\/2000\/svg&quot;&gt;&lt;path d=&quot;M143 352.3L7 216.3c-9.4-9.4-9.4-24.6 0-33.9l22.6-22.6c9.4-9.4 24.6-9.4 33.9 0l96.4 96.4 96.4-96.4c9.4-9.4 24.6-9.4 33.9 0l22.6 22.6c9.4 9.4 9.4 24.6 0 33.9l-136 136c-9.2 9.4-24.4 9.4-33.8 0z&quot;&gt;&lt;\/path&gt;&lt;\/svg&gt;\" class=\"eael-simple-menu-container eael-simple-menu--loading eael-simple-menu-align-center eael-simple-menu-dropdown-align-left preset-2\" data-hamburger-breakpoints=\"{&quot;mobile&quot;:&quot;Dispositivos m\\u00f3veis no modo retrato (&gt; 767px)&quot;,&quot;tablet&quot;:&quot;Tablet no modo retrato (&gt; 1024px)&quot;,&quot;desktop&quot;:&quot;Desktop (&gt; 2400px)&quot;,&quot;none&quot;:&quot;Nenhum&quot;}\" data-hamburger-device=\"tablet\">\n                <ul id=\"menu-categorias\" class=\"eael-simple-menu eael-simple-menu-dropdown-animate-to-top eael-simple-menu-indicator eael-simple-menu-horizontal\"><li id=\"menu-item-563\" class=\"menu-item menu-item-type-taxonomy menu-item-object-category menu-item-563\"><a href=\"https:\/\/escolatiquinho.com.br\/?cat=13\">Avisos<\/a><\/li>\n<li id=\"menu-item-564\" class=\"menu-item menu-item-type-taxonomy menu-item-object-category menu-item-564\"><a href=\"https:\/\/escolatiquinho.com.br\/?cat=14\">Conte\u00fados<\/a><\/li>\n<li id=\"menu-item-565\" class=\"menu-item menu-item-type-taxonomy menu-item-object-category menu-item-565\"><a href=\"https:\/\/escolatiquinho.com.br\/?cat=16\">Datas comemorativas<\/a><\/li>\n<li id=\"menu-item-566\" class=\"menu-item menu-item-type-taxonomy menu-item-object-category menu-item-566\"><a href=\"https:\/\/escolatiquinho.com.br\/?cat=11\">Ensino<\/a><\/li>\n<li id=\"menu-item-567\" class=\"menu-item menu-item-type-taxonomy menu-item-object-category menu-item-567\"><a href=\"https:\/\/escolatiquinho.com.br\/?cat=10\">Eventos<\/a><\/li>\n<li id=\"menu-item-568\" class=\"menu-item menu-item-type-taxonomy menu-item-object-category menu-item-568\"><a href=\"https:\/\/escolatiquinho.com.br\/?cat=17\">Institucional<\/a><\/li>\n<li id=\"menu-item-569\" class=\"menu-item menu-item-type-taxonomy menu-item-object-category menu-item-569\"><a href=\"https:\/\/escolatiquinho.com.br\/?cat=15\">Novidades<\/a><\/li>\n<\/ul>                <button class=\"eael-simple-menu-toggle\">\n                    <span class=\"sr-only \">Menu de altern\u00e2ncia de hamb\u00farguer<\/span>\n                    <svg aria-hidden=\"true\" class=\"e-font-icon-svg e-fas-bars\" viewBox=\"0 0 448 512\" xmlns=\"http:\/\/www.w3.org\/2000\/svg\"><path d=\"M16 132h416c8.837 0 16-7.163 16-16V76c0-8.837-7.163-16-16-16H16C7.163 60 0 67.163 0 76v40c0 8.837 7.163 16 16 16zm0 160h416c8.837 0 16-7.163 16-16v-40c0-8.837-7.163-16-16-16H16c-8.837 0-16 7.163-16 16v40c0 8.837 7.163 16 16 16zm0 160h416c8.837 0 16-7.163 16-16v-40c0-8.837-7.163-16-16-16H16c-8.837 0-16 7.163-16 16v40c0 8.837 7.163 16 16 16z\"><\/path><\/svg>                <\/button>\n            <\/div>\n            \t\t\t\t<\/div>\n\t\t\t\t<\/div>\n\t\t\t\t<div class=\"elementor-element elementor-element-01cf5c4 elementor-search-form--skin-classic elementor-search-form--button-type-icon elementor-search-form--icon-search elementor-widget elementor-widget-search-form\" data-id=\"01cf5c4\" data-element_type=\"widget\" data-e-type=\"widget\" data-settings=\"{&quot;skin&quot;:&quot;classic&quot;}\" data-widget_type=\"search-form.default\">\n\t\t\t\t<div class=\"elementor-widget-container\">\n\t\t\t\t\t\t\t<search role=\"search\">\n\t\t\t<form class=\"elementor-search-form\" action=\"https:\/\/escolatiquinho.com.br\" method=\"get\">\n\t\t\t\t\t\t\t\t\t\t\t\t<div class=\"elementor-search-form__container\">\n\t\t\t\t\t<label class=\"elementor-screen-only\" for=\"elementor-search-form-01cf5c4\">Pesquisar<\/label>\n\n\t\t\t\t\t\n\t\t\t\t\t<input id=\"elementor-search-form-01cf5c4\" placeholder=\"Pesquisar...\" class=\"elementor-search-form__input\" type=\"search\" name=\"s\" value=\"\">\n\t\t\t\t\t\n\t\t\t\t\t\t\t\t\t\t\t<button class=\"elementor-search-form__submit\" type=\"submit\" aria-label=\"Pesquisar\">\n\t\t\t\t\t\t\t\t\t\t\t\t\t\t\t<div class=\"e-font-icon-svg-container\"><svg class=\"fa fa-search e-font-icon-svg e-fas-search\" viewBox=\"0 0 512 512\" xmlns=\"http:\/\/www.w3.org\/2000\/svg\"><path d=\"M505 442.7L405.3 343c-4.5-4.5-10.6-7-17-7H372c27.6-35.3 44-79.7 44-128C416 93.1 322.9 0 208 0S0 93.1 0 208s93.1 208 208 208c48.3 0 92.7-16.4 128-44v16.3c0 6.4 2.5 12.5 7 17l99.7 99.7c9.4 9.4 24.6 9.4 33.9 0l28.3-28.3c9.4-9.4 9.4-24.6.1-34zM208 336c-70.7 0-128-57.2-128-128 0-70.7 57.2-128 128-128 70.7 0 128 57.2 128 128 0 70.7-57.2 128-128 128z\"><\/path><\/svg><\/div>\t\t\t\t\t\t\t\t\t\t\t\t\t<\/button>\n\t\t\t\t\t\n\t\t\t\t\t\t\t\t\t<\/div>\n\t\t\t<\/form>\n\t\t<\/search>\n\t\t\t\t\t\t<\/div>\n\t\t\t\t<\/div>\n\t\t\t\t\t<\/div>\n\t\t\t\t<\/div>\n\t\t<div class=\"elementor-element elementor-element-e554130 e-flex e-con-boxed e-con e-parent\" data-id=\"e554130\" data-element_type=\"container\" data-e-type=\"container\">\n\t\t\t\t\t<div class=\"e-con-inner\">\n\t\t\t\t\t<\/div>\n\t\t\t\t<\/div>\n\t\t\t\t<\/div>\n\t\t","protected":false},"excerpt":{"rendered":"<p>Not\u00edcias Fique por dentro dos eventos\u00a0e novidades da Escola Tiquinho &nbsp; Avisos Conte\u00fados Datas comemorativas Ensino Eventos Institucional Novidades Menu de altern\u00e2ncia de hamb\u00farguer<\/p>\n","protected":false},"author":2,"featured_media":0,"parent":0,"menu_order":0,"comment_status":"closed","ping_status":"closed","template":"","meta":{"footnotes":""},"class_list":["post-74","page","type-page","status-publish","hentry"],"yoast_head":"<!-- This site is optimized with the Yoast SEO plugin v27.3 - https:\/\/yoast.com\/product\/yoast-seo-wordpress\/ -->\n<title>Not\u00edcias - Escola Tiquinho<\/title>\n<meta name=\"description\" content=\"Fique por dentro das not\u00edcias, eventos e novidades da Escola Tiquinho, acompanhando de perto as atividades, projetos e conquistas!\" \/>\n<meta name=\"robots\" content=\"index, follow, max-snippet:-1, max-image-preview:large, max-video-preview:-1\" \/>\n<link rel=\"canonical\" href=\"https:\/\/escolatiquinho.com.br\/?page_id=74\" \/>\n<meta property=\"og:locale\" content=\"pt_BR\" \/>\n<meta property=\"og:type\" content=\"article\" \/>\n<meta property=\"og:title\" content=\"Not\u00edcias - Escola Tiquinho\" \/>\n<meta property=\"og:description\" content=\"Fique por dentro das not\u00edcias, eventos e novidades da Escola Tiquinho, acompanhando de perto as atividades, projetos e conquistas!\" \/>\n<meta property=\"og:url\" content=\"https:\/\/escolatiquinho.com.br\/?page_id=74\" \/>\n<meta property=\"og:site_name\" content=\"Escola Tiquinho\" \/>\n<meta property=\"article:modified_time\" content=\"2024-10-21T22:04:10+00:00\" \/>\n<meta name=\"twitter:card\" content=\"summary_large_image\" \/>\n<meta name=\"twitter:label1\" content=\"Est. tempo de leitura\" \/>\n\t<meta name=\"twitter:data1\" content=\"1 minuto\" \/>\n<script type=\"application\/ld+json\" class=\"yoast-schema-graph\">{\"@context\":\"https:\\\/\\\/schema.org\",\"@graph\":[{\"@type\":\"WebPage\",\"@id\":\"https:\\\/\\\/escolatiquinho.com.br\\\/?page_id=74\",\"url\":\"https:\\\/\\\/escolatiquinho.com.br\\\/?page_id=74\",\"name\":\"Not\u00edcias - Escola Tiquinho\",\"isPartOf\":{\"@id\":\"https:\\\/\\\/escolatiquinho.com.br\\\/#website\"},\"datePublished\":\"2024-03-28T00:15:46+00:00\",\"dateModified\":\"2024-10-21T22:04:10+00:00\",\"description\":\"Fique por dentro das not\u00edcias, eventos e novidades da Escola Tiquinho, acompanhando de perto as atividades, projetos e conquistas!\",\"breadcrumb\":{\"@id\":\"https:\\\/\\\/escolatiquinho.com.br\\\/?page_id=74#breadcrumb\"},\"inLanguage\":\"pt-BR\",\"potentialAction\":[{\"@type\":\"ReadAction\",\"target\":[\"https:\\\/\\\/escolatiquinho.com.br\\\/?page_id=74\"]}]},{\"@type\":\"BreadcrumbList\",\"@id\":\"https:\\\/\\\/escolatiquinho.com.br\\\/?page_id=74#breadcrumb\",\"itemListElement\":[{\"@type\":\"ListItem\",\"position\":1,\"name\":\"In\u00edcio\",\"item\":\"https:\\\/\\\/escolatiquinho.com.br\\\/\"},{\"@type\":\"ListItem\",\"position\":2,\"name\":\"Not\u00edcias\"}]},{\"@type\":\"WebSite\",\"@id\":\"https:\\\/\\\/escolatiquinho.com.br\\\/#website\",\"url\":\"https:\\\/\\\/escolatiquinho.com.br\\\/\",\"name\":\"Escola Tiquinho\",\"description\":\"Escola Maternal e Infantil\",\"publisher\":{\"@id\":\"https:\\\/\\\/escolatiquinho.com.br\\\/#organization\"},\"potentialAction\":[{\"@type\":\"SearchAction\",\"target\":{\"@type\":\"EntryPoint\",\"urlTemplate\":\"https:\\\/\\\/escolatiquinho.com.br\\\/?s={search_term_string}\"},\"query-input\":{\"@type\":\"PropertyValueSpecification\",\"valueRequired\":true,\"valueName\":\"search_term_string\"}}],\"inLanguage\":\"pt-BR\"},{\"@type\":\"Organization\",\"@id\":\"https:\\\/\\\/escolatiquinho.com.br\\\/#organization\",\"name\":\"Escola Tiquinho\",\"url\":\"https:\\\/\\\/escolatiquinho.com.br\\\/\",\"logo\":{\"@type\":\"ImageObject\",\"inLanguage\":\"pt-BR\",\"@id\":\"https:\\\/\\\/escolatiquinho.com.br\\\/#\\\/schema\\\/logo\\\/image\\\/\",\"url\":\"https:\\\/\\\/escolatiquinho.com.br\\\/wp-content\\\/uploads\\\/2024\\\/03\\\/IMG_9090.jpg\",\"contentUrl\":\"https:\\\/\\\/escolatiquinho.com.br\\\/wp-content\\\/uploads\\\/2024\\\/03\\\/IMG_9090.jpg\",\"width\":776,\"height\":714,\"caption\":\"Escola Tiquinho\"},\"image\":{\"@id\":\"https:\\\/\\\/escolatiquinho.com.br\\\/#\\\/schema\\\/logo\\\/image\\\/\"}}]}<\/script>\n<!-- \/ Yoast SEO plugin. -->","yoast_head_json":{"title":"Not\u00edcias - Escola Tiquinho","description":"Fique por dentro das not\u00edcias, eventos e novidades da Escola Tiquinho, acompanhando de perto as atividades, projetos e conquistas!","robots":{"index":"index","follow":"follow","max-snippet":"max-snippet:-1","max-image-preview":"max-image-preview:large","max-video-preview":"max-video-preview:-1"},"canonical":"https:\/\/escolatiquinho.com.br\/?page_id=74","og_locale":"pt_BR","og_type":"article","og_title":"Not\u00edcias - Escola Tiquinho","og_description":"Fique por dentro das not\u00edcias, eventos e novidades da Escola Tiquinho, acompanhando de perto as atividades, projetos e conquistas!","og_url":"https:\/\/escolatiquinho.com.br\/?page_id=74","og_site_name":"Escola Tiquinho","article_modified_time":"2024-10-21T22:04:10+00:00","twitter_card":"summary_large_image","twitter_misc":{"Est. tempo de leitura":"1 minuto"},"schema":{"@context":"https:\/\/schema.org","@graph":[{"@type":"WebPage","@id":"https:\/\/escolatiquinho.com.br\/?page_id=74","url":"https:\/\/escolatiquinho.com.br\/?page_id=74","name":"Not\u00edcias - Escola Tiquinho","isPartOf":{"@id":"https:\/\/escolatiquinho.com.br\/#website"},"datePublished":"2024-03-28T00:15:46+00:00","dateModified":"2024-10-21T22:04:10+00:00","description":"Fique por dentro das not\u00edcias, eventos e novidades da Escola Tiquinho, acompanhando de perto as atividades, projetos e conquistas!","breadcrumb":{"@id":"https:\/\/escolatiquinho.com.br\/?page_id=74#breadcrumb"},"inLanguage":"pt-BR","potentialAction":[{"@type":"ReadAction","target":["https:\/\/escolatiquinho.com.br\/?page_id=74"]}]},{"@type":"BreadcrumbList","@id":"https:\/\/escolatiquinho.com.br\/?page_id=74#breadcrumb","itemListElement":[{"@type":"ListItem","position":1,"name":"In\u00edcio","item":"https:\/\/escolatiquinho.com.br\/"},{"@type":"ListItem","position":2,"name":"Not\u00edcias"}]},{"@type":"WebSite","@id":"https:\/\/escolatiquinho.com.br\/#website","url":"https:\/\/escolatiquinho.com.br\/","name":"Escola Tiquinho","description":"Escola Maternal e Infantil","publisher":{"@id":"https:\/\/escolatiquinho.com.br\/#organization"},"potentialAction":[{"@type":"SearchAction","target":{"@type":"EntryPoint","urlTemplate":"https:\/\/escolatiquinho.com.br\/?s={search_term_string}"},"query-input":{"@type":"PropertyValueSpecification","valueRequired":true,"valueName":"search_term_string"}}],"inLanguage":"pt-BR"},{"@type":"Organization","@id":"https:\/\/escolatiquinho.com.br\/#organization","name":"Escola Tiquinho","url":"https:\/\/escolatiquinho.com.br\/","logo":{"@type":"ImageObject","inLanguage":"pt-BR","@id":"https:\/\/escolatiquinho.com.br\/#\/schema\/logo\/image\/","url":"https:\/\/escolatiquinho.com.br\/wp-content\/uploads\/2024\/03\/IMG_9090.jpg","contentUrl":"https:\/\/escolatiquinho.com.br\/wp-content\/uploads\/2024\/03\/IMG_9090.jpg","width":776,"height":714,"caption":"Escola Tiquinho"},"image":{"@id":"https:\/\/escolatiquinho.com.br\/#\/schema\/logo\/image\/"}}]}},"_links":{"self":[{"href":"https:\/\/escolatiquinho.com.br\/index.php?rest_route=\/wp\/v2\/pages\/74","targetHints":{"allow":["GET"]}}],"collection":[{"href":"https:\/\/escolatiquinho.com.br\/index.php?rest_route=\/wp\/v2\/pages"}],"about":[{"href":"https:\/\/escolatiquinho.com.br\/index.php?rest_route=\/wp\/v2\/types\/page"}],"author":[{"embeddable":true,"href":"https:\/\/escolatiquinho.com.br\/index.php?rest_route=\/wp\/v2\/users\/2"}],"replies":[{"embeddable":true,"href":"https:\/\/escolatiquinho.com.br\/index.php?rest_route=%2Fwp%2Fv2%2Fcomments&post=74"}],"version-history":[{"count":26,"href":"https:\/\/escolatiquinho.com.br\/index.php?rest_route=\/wp\/v2\/pages\/74\/revisions"}],"predecessor-version":[{"id":835,"href":"https:\/\/escolatiquinho.com.br\/index.php?rest_route=\/wp\/v2\/pages\/74\/revisions\/835"}],"wp:attachment":[{"href":"https:\/\/escolatiquinho.com.br\/index.php?rest_route=%2Fwp%2Fv2%2Fmedia&parent=74"}],"curies":[{"name":"wp","href":"https:\/\/api.w.org\/{rel}","templated":true}]}}