{"id":16,"date":"2024-03-28T00:15:43","date_gmt":"2024-03-28T00:15:43","guid":{"rendered":"https:\/\/escolatiquinho.com.br\/?page_id=16"},"modified":"2026-02-11T04:41:03","modified_gmt":"2026-02-11T01:41:03","slug":"rascunho","status":"publish","type":"page","link":"https:\/\/escolatiquinho.com.br\/","title":{"rendered":"P\u00e1gina Inicial"},"content":{"rendered":"\t\t<div data-elementor-type=\"wp-page\" data-elementor-id=\"16\" class=\"elementor elementor-16\" data-elementor-post-type=\"page\">\n\t\t\t\t<div class=\"elementor-element elementor-element-aaf5b2f e-flex e-con-boxed e-con e-parent\" data-id=\"aaf5b2f\" data-element_type=\"container\" data-e-type=\"container\" data-settings=\"{&quot;background_background&quot;:&quot;classic&quot;}\">\n\t\t\t\t\t<div class=\"e-con-inner\">\n\t\t<div class=\"elementor-element elementor-element-9128bc4 e-con-full e-flex e-con e-child\" data-id=\"9128bc4\" data-element_type=\"container\" data-e-type=\"container\">\n\t\t\t\t<div class=\"elementor-element elementor-element-f9351e4 elementor-widget elementor-widget-heading\" data-id=\"f9351e4\" data-element_type=\"widget\" data-e-type=\"widget\" data-widget_type=\"heading.default\">\n\t\t\t\t<div class=\"elementor-widget-container\">\n\t\t\t\t\t<h2 class=\"elementor-heading-title elementor-size-default\">Escola Tiquinho<\/h2>\t\t\t\t<\/div>\n\t\t\t\t<\/div>\n\t\t\t\t<div class=\"elementor-element elementor-element-a7a3f18 elementor-widget elementor-widget-heading\" data-id=\"a7a3f18\" data-element_type=\"widget\" data-e-type=\"widget\" data-widget_type=\"heading.default\">\n\t\t\t\t<div class=\"elementor-widget-container\">\n\t\t\t\t\t<h2 class=\"elementor-heading-title elementor-size-default\">Escola de educa\u00e7\u00e3o infantil<\/h2>\t\t\t\t<\/div>\n\t\t\t\t<\/div>\n\t\t\t\t<div class=\"elementor-element elementor-element-a608a99 elementor-align-right elementor-widget elementor-widget-button\" data-id=\"a608a99\" data-element_type=\"widget\" data-e-type=\"widget\" data-widget_type=\"button.default\">\n\t\t\t\t<div class=\"elementor-widget-container\">\n\t\t\t\t\t\t\t\t\t<div class=\"elementor-button-wrapper\">\n\t\t\t\t\t<a class=\"elementor-button elementor-button-link elementor-size-sm elementor-animation-grow\" href=\"#conheca\">\n\t\t\t\t\t\t<span class=\"elementor-button-content-wrapper\">\n\t\t\t\t\t\t\t\t\t<span class=\"elementor-button-text\">CONHE\u00c7A<\/span>\n\t\t\t\t\t<\/span>\n\t\t\t\t\t<\/a>\n\t\t\t\t<\/div>\n\t\t\t\t\t\t\t\t<\/div>\n\t\t\t\t<\/div>\n\t\t\t\t<\/div>\n\t\t<div class=\"elementor-element elementor-element-01b40fd e-con-full e-flex e-con e-child\" data-id=\"01b40fd\" data-element_type=\"container\" data-e-type=\"container\">\n\t\t\t\t<div class=\"elementor-element elementor-element-918924b elementor-widget elementor-widget-image\" data-id=\"918924b\" data-element_type=\"widget\" data-e-type=\"widget\" data-widget_type=\"image.default\">\n\t\t\t\t<div class=\"elementor-widget-container\">\n\t\t\t\t\t\t\t\t\t\t\t\t\t\t\t<img fetchpriority=\"high\" decoding=\"async\" width=\"1080\" height=\"565\" src=\"https:\/\/escolatiquinho.com.br\/wp-content\/uploads\/2025\/10\/frase-1.png\" class=\"elementor-animation-grow attachment-full size-full wp-image-2058\" alt=\"\" srcset=\"https:\/\/escolatiquinho.com.br\/wp-content\/uploads\/2025\/10\/frase-1.png 1080w, https:\/\/escolatiquinho.com.br\/wp-content\/uploads\/2025\/10\/frase-1-300x157.png 300w, https:\/\/escolatiquinho.com.br\/wp-content\/uploads\/2025\/10\/frase-1-1024x536.png 1024w, https:\/\/escolatiquinho.com.br\/wp-content\/uploads\/2025\/10\/frase-1-768x402.png 768w\" sizes=\"(max-width: 1080px) 100vw, 1080px\" \/>\t\t\t\t\t\t\t\t\t\t\t\t\t\t\t<\/div>\n\t\t\t\t<\/div>\n\t\t\t\t<\/div>\n\t\t\t\t\t<\/div>\n\t\t\t\t<\/div>\n\t\t<div class=\"elementor-element elementor-element-09e4892 e-flex e-con-boxed e-con e-parent\" data-id=\"09e4892\" data-element_type=\"container\" data-e-type=\"container\" id=\"conheca\" data-settings=\"{&quot;background_background&quot;:&quot;classic&quot;}\">\n\t\t\t\t\t<div class=\"e-con-inner\">\n\t\t<div class=\"elementor-element elementor-element-d9b38cd e-con-full e-flex e-con e-child\" data-id=\"d9b38cd\" data-element_type=\"container\" data-e-type=\"container\">\n\t\t\t\t<div class=\"elementor-element elementor-element-098a790 elementor-widget elementor-widget-heading\" data-id=\"098a790\" data-element_type=\"widget\" data-e-type=\"widget\" data-widget_type=\"heading.default\">\n\t\t\t\t<div class=\"elementor-widget-container\">\n\t\t\t\t\t<h2 class=\"elementor-heading-title elementor-size-default\">Conhe\u00e7a a Escola Tiquinho<\/h2>\t\t\t\t<\/div>\n\t\t\t\t<\/div>\n\t\t\t\t<div class=\"elementor-element elementor-element-a610eea elementor-widget elementor-widget-text-editor\" data-id=\"a610eea\" data-element_type=\"widget\" data-e-type=\"widget\" data-widget_type=\"text-editor.default\">\n\t\t\t\t<div class=\"elementor-widget-container\">\n\t\t\t\t\t\t\t\t\t<p>Desde 1983 o Tiquinho\/CID, reconhecido como uma escola acolhedora, estabelece o compromisso com crian\u00e7as e familiares para a promo\u00e7\u00e3o de uma educa\u00e7\u00e3o humanizada e de excel\u00eancia, pautada nas \u00e1reas do desenvolvimento humano.<\/p><p>Nossa escola \u00e9 reconhecida como uma institui\u00e7\u00e3o acolhedora e comprometida com o aprendizado e desenvolvimento de todas as crian\u00e7as, visando uma efetiva forma\u00e7\u00e3o integral.<\/p>\t\t\t\t\t\t\t\t<\/div>\n\t\t\t\t<\/div>\n\t\t\t\t<div class=\"elementor-element elementor-element-4d3aeb6 elementor-align-left elementor-widget elementor-widget-button\" data-id=\"4d3aeb6\" data-element_type=\"widget\" data-e-type=\"widget\" data-widget_type=\"button.default\">\n\t\t\t\t<div class=\"elementor-widget-container\">\n\t\t\t\t\t\t\t\t\t<div class=\"elementor-button-wrapper\">\n\t\t\t\t\t<a class=\"elementor-button elementor-button-link elementor-size-sm elementor-animation-grow\" href=\"https:\/\/escolatiquinho.com.br\/?page_id=66\">\n\t\t\t\t\t\t<span class=\"elementor-button-content-wrapper\">\n\t\t\t\t\t\t\t\t\t<span class=\"elementor-button-text\">CONFIRA MAIS DETALHES<\/span>\n\t\t\t\t\t<\/span>\n\t\t\t\t\t<\/a>\n\t\t\t\t<\/div>\n\t\t\t\t\t\t\t\t<\/div>\n\t\t\t\t<\/div>\n\t\t\t\t<\/div>\n\t\t<div class=\"elementor-element elementor-element-714f595 e-con-full e-flex e-con e-child\" data-id=\"714f595\" data-element_type=\"container\" data-e-type=\"container\">\n\t\t\t\t<div class=\"elementor-element elementor-element-6e4e162 elementor-widget elementor-widget-image\" data-id=\"6e4e162\" data-element_type=\"widget\" data-e-type=\"widget\" data-widget_type=\"image.default\">\n\t\t\t\t<div class=\"elementor-widget-container\">\n\t\t\t\t\t\t\t\t\t\t\t\t\t\t\t<img decoding=\"async\" width=\"1080\" height=\"1350\" src=\"https:\/\/escolatiquinho.com.br\/wp-content\/uploads\/2024\/10\/Educacao.png\" class=\"elementor-animation-grow attachment-full size-full wp-image-808\" alt=\"\" srcset=\"https:\/\/escolatiquinho.com.br\/wp-content\/uploads\/2024\/10\/Educacao.png 1080w, https:\/\/escolatiquinho.com.br\/wp-content\/uploads\/2024\/10\/Educacao-240x300.png 240w, https:\/\/escolatiquinho.com.br\/wp-content\/uploads\/2024\/10\/Educacao-819x1024.png 819w, https:\/\/escolatiquinho.com.br\/wp-content\/uploads\/2024\/10\/Educacao-768x960.png 768w\" sizes=\"(max-width: 1080px) 100vw, 1080px\" \/>\t\t\t\t\t\t\t\t\t\t\t\t\t\t\t<\/div>\n\t\t\t\t<\/div>\n\t\t\t\t<\/div>\n\t\t\t\t\t<\/div>\n\t\t\t\t<\/div>\n\t\t<div class=\"elementor-element elementor-element-338e0b9 e-flex e-con-boxed e-con e-parent\" data-id=\"338e0b9\" data-element_type=\"container\" data-e-type=\"container\" data-settings=\"{&quot;background_background&quot;:&quot;classic&quot;}\">\n\t\t\t\t\t<div class=\"e-con-inner\">\n\t\t<div class=\"elementor-element elementor-element-64e496d e-con-full e-flex e-con e-child\" data-id=\"64e496d\" data-element_type=\"container\" data-e-type=\"container\">\n\t\t\t\t<div class=\"elementor-element elementor-element-c020a1e elementor-widget__width-initial elementor-widget elementor-widget-heading\" data-id=\"c020a1e\" data-element_type=\"widget\" data-e-type=\"widget\" data-widget_type=\"heading.default\">\n\t\t\t\t<div class=\"elementor-widget-container\">\n\t\t\t\t\t<h2 class=\"elementor-heading-title elementor-size-default\">Al\u00e9m da sala de aula: espa\u00e7o sede campestre<\/h2>\t\t\t\t<\/div>\n\t\t\t\t<\/div>\n\t\t\t\t<div class=\"elementor-element elementor-element-57ef9b5 elementor-widget elementor-widget-text-editor\" data-id=\"57ef9b5\" data-element_type=\"widget\" data-e-type=\"widget\" data-widget_type=\"text-editor.default\">\n\t\t\t\t<div class=\"elementor-widget-container\">\n\t\t\t\t\t\t\t\t\t<p><span style=\"font-weight: 400;\">A escola oferece um espa\u00e7o que prioriza a intera\u00e7\u00e3o da crian\u00e7a com elementos da natureza, al\u00e9m de interagirem entre si e com diferentes idades. Neste espa\u00e7o as crian\u00e7as aprendem a cuidar da natureza sentindo-se parte da mesma.\u00a0<\/span><\/p><p><span style=\"color: var( --e-global-color-secondary ); text-align: var(--text-align);\">Nosso papel \u00e9 contribuir atrav\u00e9s de diferentes ci\u00eancias para o desenvolvimento de indiv\u00edduos com habilidades em m\u00faltiplas dimens\u00f5es. Sendo assim, poder\u00e3o de forma saud\u00e1vel, inteligente, \u00e9<\/span><span style=\"color: var( --e-global-color-secondary ); font-family: var( --e-global-typography-text-font-family ), Sans-serif; font-size: var( --e-global-typography-text-font-size ); text-align: var(--text-align);\">tica e mais humana, transformarem o seu entorno.\u00a0\u00a0<\/span><\/p>\t\t\t\t\t\t\t\t<\/div>\n\t\t\t\t<\/div>\n\t\t\t\t<div class=\"elementor-element elementor-element-ccb0950 elementor-align-left elementor-widget elementor-widget-button\" data-id=\"ccb0950\" data-element_type=\"widget\" data-e-type=\"widget\" data-widget_type=\"button.default\">\n\t\t\t\t<div class=\"elementor-widget-container\">\n\t\t\t\t\t\t\t\t\t<div class=\"elementor-button-wrapper\">\n\t\t\t\t\t<a class=\"elementor-button elementor-button-link elementor-size-sm elementor-animation-grow\" href=\"https:\/\/escolatiquinho.com.br\/?page_id=68\">\n\t\t\t\t\t\t<span class=\"elementor-button-content-wrapper\">\n\t\t\t\t\t\t\t\t\t<span class=\"elementor-button-text\">SAIBA MAIS<\/span>\n\t\t\t\t\t<\/span>\n\t\t\t\t\t<\/a>\n\t\t\t\t<\/div>\n\t\t\t\t\t\t\t\t<\/div>\n\t\t\t\t<\/div>\n\t\t\t\t<\/div>\n\t\t<div class=\"elementor-element elementor-element-f3308aa e-con-full e-flex e-con e-child\" data-id=\"f3308aa\" data-element_type=\"container\" data-e-type=\"container\">\n\t\t\t\t<\/div>\n\t\t\t\t\t<\/div>\n\t\t\t\t<\/div>\n\t\t<div class=\"elementor-element elementor-element-98ecdae e-flex e-con-boxed e-con e-parent\" data-id=\"98ecdae\" data-element_type=\"container\" data-e-type=\"container\" data-settings=\"{&quot;background_background&quot;:&quot;classic&quot;}\">\n\t\t\t\t\t<div class=\"e-con-inner\">\n\t\t\t\t<div class=\"elementor-element elementor-element-4a665e8 elementor-widget elementor-widget-heading\" data-id=\"4a665e8\" data-element_type=\"widget\" data-e-type=\"widget\" data-widget_type=\"heading.default\">\n\t\t\t\t<div class=\"elementor-widget-container\">\n\t\t\t\t\t<h2 class=\"elementor-heading-title elementor-size-default\">\u00daltimas not\u00edcias<\/h2>\t\t\t\t<\/div>\n\t\t\t\t<\/div>\n\t\t\t\t\t<\/div>\n\t\t\t\t<\/div>\n\t\t<div class=\"elementor-element elementor-element-3a29be5 e-flex e-con-boxed e-con e-parent\" data-id=\"3a29be5\" data-element_type=\"container\" data-e-type=\"container\" data-settings=\"{&quot;background_background&quot;:&quot;classic&quot;}\">\n\t\t\t\t\t<div class=\"e-con-inner\">\n\t\t<div class=\"elementor-element elementor-element-98972a9 e-con-full e-flex e-con e-child\" data-id=\"98972a9\" data-element_type=\"container\" data-e-type=\"container\">\n\t\t\t\t<div class=\"elementor-element elementor-element-a561a9f elementor-widget elementor-widget-heading\" data-id=\"a561a9f\" data-element_type=\"widget\" data-e-type=\"widget\" data-widget_type=\"heading.default\">\n\t\t\t\t<div class=\"elementor-widget-container\">\n\t\t\t\t\t<h2 class=\"elementor-heading-title elementor-size-default\">Matr\u00edculas abertas<\/h2>\t\t\t\t<\/div>\n\t\t\t\t<\/div>\n\t\t\t\t<div class=\"elementor-element elementor-element-24aa9d6 elementor-widget elementor-widget-text-editor\" data-id=\"24aa9d6\" data-element_type=\"widget\" data-e-type=\"widget\" data-widget_type=\"text-editor.default\">\n\t\t\t\t<div class=\"elementor-widget-container\">\n\t\t\t\t\t\t\t\t\t<p>Proporcione ao seu filho uma educa\u00e7\u00e3o humanizada e de qualidade, focada no desenvolvimento global.\u00a0Garanta j\u00e1 a vaga do seu filho e ofere\u00e7a a ele uma experi\u00eancia educacional enriquecedora e transformadora.<\/p>\t\t\t\t\t\t\t\t<\/div>\n\t\t\t\t<\/div>\n\t\t\t\t<div class=\"elementor-element elementor-element-24191d5 elementor-align-center elementor-widget__width-initial elementor-widget elementor-widget-button\" data-id=\"24191d5\" data-element_type=\"widget\" data-e-type=\"widget\" data-widget_type=\"button.default\">\n\t\t\t\t<div class=\"elementor-widget-container\">\n\t\t\t\t\t\t\t\t\t<div class=\"elementor-button-wrapper\">\n\t\t\t\t\t<a class=\"elementor-button elementor-button-link elementor-size-sm elementor-animation-grow\" href=\"https:\/\/escolatiquinho.com.br\/?page_id=76\">\n\t\t\t\t\t\t<span class=\"elementor-button-content-wrapper\">\n\t\t\t\t\t\t\t\t\t<span class=\"elementor-button-text\">ENTRAR EM CONTATO<\/span>\n\t\t\t\t\t<\/span>\n\t\t\t\t\t<\/a>\n\t\t\t\t<\/div>\n\t\t\t\t\t\t\t\t<\/div>\n\t\t\t\t<\/div>\n\t\t\t\t<\/div>\n\t\t\t\t\t<\/div>\n\t\t\t\t<\/div>\n\t\t\t\t<\/div>\n\t\t","protected":false},"excerpt":{"rendered":"<p>Escola Tiquinho Escola de educa\u00e7\u00e3o infantil CONHE\u00c7A Conhe\u00e7a a Escola Tiquinho Desde 1983 o Tiquinho\/CID, reconhecido como uma escola acolhedora, estabelece o compromisso com crian\u00e7as e familiares para a promo\u00e7\u00e3o de uma educa\u00e7\u00e3o humanizada e de excel\u00eancia, pautada nas \u00e1reas do desenvolvimento humano. Nossa escola \u00e9 reconhecida como uma institui\u00e7\u00e3o acolhedora e comprometida com o [&hellip;]<\/p>\n","protected":false},"author":2,"featured_media":723,"parent":0,"menu_order":0,"comment_status":"closed","ping_status":"closed","template":"","meta":{"footnotes":""},"class_list":["post-16","page","type-page","status-publish","has-post-thumbnail","hentry"],"yoast_head":"<!-- This site is optimized with the Yoast SEO plugin v27.4 - https:\/\/yoast.com\/product\/yoast-seo-wordpress\/ -->\n<title>P\u00e1gina Inicial - Escola Tiquinho<\/title>\n<meta name=\"description\" content=\"A Escola Tiquinho \u00e9 desde 1983 reconhecida como uma escola acolhedora com uma educa\u00e7\u00e3o humanizada e de qualidade!\" \/>\n<meta name=\"robots\" content=\"index, follow, max-snippet:-1, max-image-preview:large, max-video-preview:-1\" \/>\n<link rel=\"canonical\" href=\"https:\/\/escolatiquinho.com.br\/\" \/>\n<meta property=\"og:locale\" content=\"pt_BR\" \/>\n<meta property=\"og:type\" content=\"article\" \/>\n<meta property=\"og:title\" content=\"P\u00e1gina Inicial - Escola Tiquinho\" \/>\n<meta property=\"og:description\" content=\"A Escola Tiquinho \u00e9 desde 1983 reconhecida como uma escola acolhedora com uma educa\u00e7\u00e3o humanizada e de qualidade!\" \/>\n<meta property=\"og:url\" content=\"https:\/\/escolatiquinho.com.br\/\" \/>\n<meta property=\"og:site_name\" content=\"Escola Tiquinho\" \/>\n<meta property=\"article:modified_time\" content=\"2026-02-11T01:41:03+00:00\" \/>\n<meta property=\"og:image\" content=\"https:\/\/escolatiquinho.com.br\/wp-content\/uploads\/2024\/10\/Camada-3-copiar.png\" \/>\n\t<meta property=\"og:image:width\" content=\"204\" \/>\n\t<meta property=\"og:image:height\" content=\"259\" \/>\n\t<meta property=\"og:image:type\" content=\"image\/png\" \/>\n<meta name=\"twitter:card\" content=\"summary_large_image\" \/>\n<meta name=\"twitter:label1\" content=\"Est. tempo de leitura\" \/>\n\t<meta name=\"twitter:data1\" content=\"2 minutos\" \/>\n<script type=\"application\/ld+json\" class=\"yoast-schema-graph\">{\"@context\":\"https:\\\/\\\/schema.org\",\"@graph\":[{\"@type\":\"WebPage\",\"@id\":\"https:\\\/\\\/escolatiquinho.com.br\\\/\",\"url\":\"https:\\\/\\\/escolatiquinho.com.br\\\/\",\"name\":\"P\u00e1gina Inicial - Escola Tiquinho\",\"isPartOf\":{\"@id\":\"https:\\\/\\\/escolatiquinho.com.br\\\/#website\"},\"primaryImageOfPage\":{\"@id\":\"https:\\\/\\\/escolatiquinho.com.br\\\/#primaryimage\"},\"image\":{\"@id\":\"https:\\\/\\\/escolatiquinho.com.br\\\/#primaryimage\"},\"thumbnailUrl\":\"https:\\\/\\\/escolatiquinho.com.br\\\/wp-content\\\/uploads\\\/2024\\\/10\\\/Camada-3-copiar.png\",\"datePublished\":\"2024-03-28T00:15:43+00:00\",\"dateModified\":\"2026-02-11T01:41:03+00:00\",\"description\":\"A Escola Tiquinho \u00e9 desde 1983 reconhecida como uma escola acolhedora com uma educa\u00e7\u00e3o humanizada e de qualidade!\",\"breadcrumb\":{\"@id\":\"https:\\\/\\\/escolatiquinho.com.br\\\/#breadcrumb\"},\"inLanguage\":\"pt-BR\",\"potentialAction\":[{\"@type\":\"ReadAction\",\"target\":[\"https:\\\/\\\/escolatiquinho.com.br\\\/\"]}]},{\"@type\":\"ImageObject\",\"inLanguage\":\"pt-BR\",\"@id\":\"https:\\\/\\\/escolatiquinho.com.br\\\/#primaryimage\",\"url\":\"https:\\\/\\\/escolatiquinho.com.br\\\/wp-content\\\/uploads\\\/2024\\\/10\\\/Camada-3-copiar.png\",\"contentUrl\":\"https:\\\/\\\/escolatiquinho.com.br\\\/wp-content\\\/uploads\\\/2024\\\/10\\\/Camada-3-copiar.png\",\"width\":204,\"height\":259},{\"@type\":\"BreadcrumbList\",\"@id\":\"https:\\\/\\\/escolatiquinho.com.br\\\/#breadcrumb\",\"itemListElement\":[{\"@type\":\"ListItem\",\"position\":1,\"name\":\"In\u00edcio\",\"item\":\"https:\\\/\\\/escolatiquinho.com.br\\\/\"},{\"@type\":\"ListItem\",\"position\":2,\"name\":\"P\u00e1gina Inicial\"}]},{\"@type\":\"WebSite\",\"@id\":\"https:\\\/\\\/escolatiquinho.com.br\\\/#website\",\"url\":\"https:\\\/\\\/escolatiquinho.com.br\\\/\",\"name\":\"Escola Tiquinho\",\"description\":\"Escola Maternal e Infantil\",\"publisher\":{\"@id\":\"https:\\\/\\\/escolatiquinho.com.br\\\/#organization\"},\"potentialAction\":[{\"@type\":\"SearchAction\",\"target\":{\"@type\":\"EntryPoint\",\"urlTemplate\":\"https:\\\/\\\/escolatiquinho.com.br\\\/?s={search_term_string}\"},\"query-input\":{\"@type\":\"PropertyValueSpecification\",\"valueRequired\":true,\"valueName\":\"search_term_string\"}}],\"inLanguage\":\"pt-BR\"},{\"@type\":\"Organization\",\"@id\":\"https:\\\/\\\/escolatiquinho.com.br\\\/#organization\",\"name\":\"Escola Tiquinho\",\"url\":\"https:\\\/\\\/escolatiquinho.com.br\\\/\",\"logo\":{\"@type\":\"ImageObject\",\"inLanguage\":\"pt-BR\",\"@id\":\"https:\\\/\\\/escolatiquinho.com.br\\\/#\\\/schema\\\/logo\\\/image\\\/\",\"url\":\"https:\\\/\\\/escolatiquinho.com.br\\\/wp-content\\\/uploads\\\/2024\\\/03\\\/IMG_9090.jpg\",\"contentUrl\":\"https:\\\/\\\/escolatiquinho.com.br\\\/wp-content\\\/uploads\\\/2024\\\/03\\\/IMG_9090.jpg\",\"width\":776,\"height\":714,\"caption\":\"Escola Tiquinho\"},\"image\":{\"@id\":\"https:\\\/\\\/escolatiquinho.com.br\\\/#\\\/schema\\\/logo\\\/image\\\/\"}}]}<\/script>\n<!-- \/ Yoast SEO plugin. -->","yoast_head_json":{"title":"P\u00e1gina Inicial - Escola Tiquinho","description":"A Escola Tiquinho \u00e9 desde 1983 reconhecida como uma escola acolhedora com uma educa\u00e7\u00e3o humanizada e de qualidade!","robots":{"index":"index","follow":"follow","max-snippet":"max-snippet:-1","max-image-preview":"max-image-preview:large","max-video-preview":"max-video-preview:-1"},"canonical":"https:\/\/escolatiquinho.com.br\/","og_locale":"pt_BR","og_type":"article","og_title":"P\u00e1gina Inicial - Escola Tiquinho","og_description":"A Escola Tiquinho \u00e9 desde 1983 reconhecida como uma escola acolhedora com uma educa\u00e7\u00e3o humanizada e de qualidade!","og_url":"https:\/\/escolatiquinho.com.br\/","og_site_name":"Escola Tiquinho","article_modified_time":"2026-02-11T01:41:03+00:00","og_image":[{"width":204,"height":259,"url":"https:\/\/escolatiquinho.com.br\/wp-content\/uploads\/2024\/10\/Camada-3-copiar.png","type":"image\/png"}],"twitter_card":"summary_large_image","twitter_misc":{"Est. tempo de leitura":"2 minutos"},"schema":{"@context":"https:\/\/schema.org","@graph":[{"@type":"WebPage","@id":"https:\/\/escolatiquinho.com.br\/","url":"https:\/\/escolatiquinho.com.br\/","name":"P\u00e1gina Inicial - Escola Tiquinho","isPartOf":{"@id":"https:\/\/escolatiquinho.com.br\/#website"},"primaryImageOfPage":{"@id":"https:\/\/escolatiquinho.com.br\/#primaryimage"},"image":{"@id":"https:\/\/escolatiquinho.com.br\/#primaryimage"},"thumbnailUrl":"https:\/\/escolatiquinho.com.br\/wp-content\/uploads\/2024\/10\/Camada-3-copiar.png","datePublished":"2024-03-28T00:15:43+00:00","dateModified":"2026-02-11T01:41:03+00:00","description":"A Escola Tiquinho \u00e9 desde 1983 reconhecida como uma escola acolhedora com uma educa\u00e7\u00e3o humanizada e de qualidade!","breadcrumb":{"@id":"https:\/\/escolatiquinho.com.br\/#breadcrumb"},"inLanguage":"pt-BR","potentialAction":[{"@type":"ReadAction","target":["https:\/\/escolatiquinho.com.br\/"]}]},{"@type":"ImageObject","inLanguage":"pt-BR","@id":"https:\/\/escolatiquinho.com.br\/#primaryimage","url":"https:\/\/escolatiquinho.com.br\/wp-content\/uploads\/2024\/10\/Camada-3-copiar.png","contentUrl":"https:\/\/escolatiquinho.com.br\/wp-content\/uploads\/2024\/10\/Camada-3-copiar.png","width":204,"height":259},{"@type":"BreadcrumbList","@id":"https:\/\/escolatiquinho.com.br\/#breadcrumb","itemListElement":[{"@type":"ListItem","position":1,"name":"In\u00edcio","item":"https:\/\/escolatiquinho.com.br\/"},{"@type":"ListItem","position":2,"name":"P\u00e1gina Inicial"}]},{"@type":"WebSite","@id":"https:\/\/escolatiquinho.com.br\/#website","url":"https:\/\/escolatiquinho.com.br\/","name":"Escola Tiquinho","description":"Escola Maternal e Infantil","publisher":{"@id":"https:\/\/escolatiquinho.com.br\/#organization"},"potentialAction":[{"@type":"SearchAction","target":{"@type":"EntryPoint","urlTemplate":"https:\/\/escolatiquinho.com.br\/?s={search_term_string}"},"query-input":{"@type":"PropertyValueSpecification","valueRequired":true,"valueName":"search_term_string"}}],"inLanguage":"pt-BR"},{"@type":"Organization","@id":"https:\/\/escolatiquinho.com.br\/#organization","name":"Escola Tiquinho","url":"https:\/\/escolatiquinho.com.br\/","logo":{"@type":"ImageObject","inLanguage":"pt-BR","@id":"https:\/\/escolatiquinho.com.br\/#\/schema\/logo\/image\/","url":"https:\/\/escolatiquinho.com.br\/wp-content\/uploads\/2024\/03\/IMG_9090.jpg","contentUrl":"https:\/\/escolatiquinho.com.br\/wp-content\/uploads\/2024\/03\/IMG_9090.jpg","width":776,"height":714,"caption":"Escola Tiquinho"},"image":{"@id":"https:\/\/escolatiquinho.com.br\/#\/schema\/logo\/image\/"}}]}},"_links":{"self":[{"href":"https:\/\/escolatiquinho.com.br\/index.php?rest_route=\/wp\/v2\/pages\/16","targetHints":{"allow":["GET"]}}],"collection":[{"href":"https:\/\/escolatiquinho.com.br\/index.php?rest_route=\/wp\/v2\/pages"}],"about":[{"href":"https:\/\/escolatiquinho.com.br\/index.php?rest_route=\/wp\/v2\/types\/page"}],"author":[{"embeddable":true,"href":"https:\/\/escolatiquinho.com.br\/index.php?rest_route=\/wp\/v2\/users\/2"}],"replies":[{"embeddable":true,"href":"https:\/\/escolatiquinho.com.br\/index.php?rest_route=%2Fwp%2Fv2%2Fcomments&post=16"}],"version-history":[{"count":152,"href":"https:\/\/escolatiquinho.com.br\/index.php?rest_route=\/wp\/v2\/pages\/16\/revisions"}],"predecessor-version":[{"id":2092,"href":"https:\/\/escolatiquinho.com.br\/index.php?rest_route=\/wp\/v2\/pages\/16\/revisions\/2092"}],"wp:featuredmedia":[{"embeddable":true,"href":"https:\/\/escolatiquinho.com.br\/index.php?rest_route=\/wp\/v2\/media\/723"}],"wp:attachment":[{"href":"https:\/\/escolatiquinho.com.br\/index.php?rest_route=%2Fwp%2Fv2%2Fmedia&parent=16"}],"curies":[{"name":"wp","href":"https:\/\/api.w.org\/{rel}","templated":true}]}}